{"id":392,"date":"2018-07-26T07:17:24","date_gmt":"2018-07-26T04:17:24","guid":{"rendered":"http:\/\/lmsdemo.loc\/lms-white\/?page_id=392"},"modified":"2023-06-17T15:13:20","modified_gmt":"2023-06-17T12:13:20","slug":"hakkimizda","status":"publish","type":"page","link":"https:\/\/ehliyetfransa.com\/?page_id=392","title":{"rendered":"Hakk\u0131m\u0131zda"},"content":{"rendered":"\t\t<div data-elementor-type=\"wp-page\" data-elementor-id=\"392\" class=\"elementor elementor-392\" data-elementor-post-type=\"page\">\n\t\t\t\t\t\t<section class=\"elementor-section elementor-top-section elementor-element elementor-element-be3d8b6 elementor-section-stretched elementor-section-boxed elementor-section-height-default elementor-section-height-default\" data-id=\"be3d8b6\" data-element_type=\"section\" data-e-type=\"section\" data-settings=\"{&quot;background_background&quot;:&quot;classic&quot;,&quot;stretch_section&quot;:&quot;section-stretched&quot;}\">\n\t\t\t\t\t\t<div class=\"elementor-container elementor-column-gap-default\">\n\t\t\t\t\t<div class=\"elementor-column elementor-col-50 elementor-top-column elementor-element elementor-element-be3dcf8\" data-id=\"be3dcf8\" data-element_type=\"column\" data-e-type=\"column\">\n\t\t\t<div class=\"elementor-widget-wrap elementor-element-populated\">\n\t\t\t\t\t\t<div class=\"elementor-element elementor-element-be3e019 elementor-widget elementor-widget-vc_custom_heading\" data-id=\"be3e019\" data-element_type=\"widget\" data-e-type=\"widget\" data-widget_type=\"vc_custom_heading.default\">\n\t\t\t\t<div class=\"elementor-widget-container\">\n\t\t\t\t\t<div class=\" vc_custom_heading  masterstudy_heading_font  text_align_left\" ><h2 style=\"text-align: left;font-weight:700\" class=\"masterstudy-custom-title\">Hakk\u0131m\u0131zda\n<\/h2><\/div>\t\t\t\t<\/div>\n\t\t\t\t<\/div>\n\t\t\t\t<div class=\"elementor-element elementor-element-be3e274 elementor-widget elementor-widget-text-editor\" data-id=\"be3e274\" data-element_type=\"widget\" data-e-type=\"widget\" data-widget_type=\"text-editor.default\">\n\t\t\t\t<div class=\"elementor-widget-container\">\n\t\t\t\t\t\t\t\t\t<p>\u201cA\u011faca \u00e7\u0131kmak istiyorsan\u0131z, y\u0131ld\u0131zlar\u0131 hedef al\u0131n\u201d Amac\u0131m\u0131z Avrupa ve \u00f6zellikle de Fransa\u2019da ya\u015fayan yurtta\u015flar\u0131m\u0131z\u0131n ya\u015fam kalitelerini y\u00fckseltmektir. Bundan yola \u00e7\u0131karak en b\u00fcy\u00fck problem olan Frans\u0131zca\u2019y\u0131 2019 Y\u0131l\u0131nda a\u00e7\u0131lan <a href=\"https:\/\/fransizcaogreniyorum.net\">Fransizcaogreniyorum.net<\/a> giri\u015fimimizle birlikte \u00e7\u00f6zd\u00fck.<\/p>\n\t\t\t\t\t\t\t\t<\/div>\n\t\t\t\t<\/div>\n\t\t\t\t<div class=\"elementor-element elementor-element-be3e414 elementor-widget elementor-widget-text-editor\" data-id=\"be3e414\" data-element_type=\"widget\" data-e-type=\"widget\" data-widget_type=\"text-editor.default\">\n\t\t\t\t<div class=\"elementor-widget-container\">\n\t\t\t\t\t\t\t\t\t<h3>On binlerce<\/h3>\n<p>\u015eu ana kadar on binlerce \u00f6\u011frencimiz Frans\u0131zcay\u0131 \u00f6\u011frendi ve \u00f6\u011frenmeye devam ediyorlar. Hedefimize ula\u015fmam\u0131z\u0131n ikinci etab\u0131 ve ya\u015fam kalitenizi daha da artt\u0131racak olan \u201cehliyet fransa\u201d giri\u015fimimizle kar\u015f\u0131n\u0131zday\u0131z. Fransa gibi bir \u00fclkede ara\u00e7 sahibi ve haliyle ehliyet sahibi olmak olmazsa olmazd\u0131r. Fakat ne yaz\u0131k ki, Fransa Avrupa \u00fclkeleri aras\u0131nda ehliyetin en zor al\u0131nd\u0131\u011f\u0131 \u00fclkedir. Do\u011fma b\u00fcy\u00fcme Frans\u0131zlar bile yaz\u0131l\u0131 s\u0131nav\u0131 (examen du code de la route) ge\u00e7mekte \u00e7ok zorlan\u0131rlar ki siz bir de \u00f6n\u00fcnde Frans\u0131zca engeli olan ki\u015fileri d\u00fc\u015f\u00fcn\u00fcn.<\/p>\n\t\t\t\t\t\t\t\t<\/div>\n\t\t\t\t<\/div>\n\t\t\t\t<div class=\"elementor-element elementor-element-70602e2 elementor-widget elementor-widget-text-editor\" data-id=\"70602e2\" data-element_type=\"widget\" data-e-type=\"widget\" data-widget_type=\"text-editor.default\">\n\t\t\t\t<div class=\"elementor-widget-container\">\n\t\t\t\t\t\t\t\t\t<h3>Amac\u0131m\u0131z<\/h3>\n<p>Ehliyet Fransa olarak amac\u0131m\u0131z, T\u00fcrk\u00e7e bilen ki\u015filerin tamamen T\u00fcrk\u00e7e olan dersler yard\u0131m\u0131yla, hi\u00e7 Frans\u0131zca bilmese bile, kolayca bu s\u0131nava haz\u0131rlanmas\u0131n\u0131 ve ge\u00e7mesini sa\u011flamakt\u0131r. Hatta sadece s\u0131nava da de\u011fil, birlikte \u00e7al\u0131\u015ft\u0131\u011f\u0131m\u0131z Fransa\u2019n\u0131n en b\u00fcy\u00fck Stych s\u00fcr\u00fcc\u00fc kursu ile birlikte, s\u00fcr\u00fc\u015f derslerinizi ve s\u0131nav\u0131n\u0131z\u0131 da bizimle ge\u00e7ebiliyorsunuz. Yani dilerseniz sadece ehliyet s\u0131nav\u0131na kadar veya ehliyetinizi elinize alana kadar sizlerin yan\u0131n\u0131zda oluyoruz.<\/p>\n\t\t\t\t\t\t\t\t<\/div>\n\t\t\t\t<\/div>\n\t\t\t\t\t<\/div>\n\t\t<\/div>\n\t\t\t\t<div class=\"elementor-column elementor-col-50 elementor-top-column elementor-element elementor-element-be3f235\" data-id=\"be3f235\" data-element_type=\"column\" data-e-type=\"column\">\n\t\t\t<div class=\"elementor-widget-wrap elementor-element-populated\">\n\t\t\t\t\t\t<div class=\"elementor-element elementor-element-be3f681 elementor-widget elementor-widget-image\" data-id=\"be3f681\" data-element_type=\"widget\" data-e-type=\"widget\" data-widget_type=\"image.default\">\n\t\t\t\t<div class=\"elementor-widget-container\">\n\t\t\t\t\t\t\t\t\t\t\t\t\t\t\t<img fetchpriority=\"high\" decoding=\"async\" width=\"1024\" height=\"576\" src=\"https:\/\/ehliyetfransa.com\/wp-content\/uploads\/2023\/06\/france-1-1024x576.jpg\" class=\"attachment-large size-large wp-image-5517\" alt=\"\" srcset=\"https:\/\/ehliyetfransa.com\/wp-content\/uploads\/2023\/06\/france-1-1024x576.jpg 1024w, https:\/\/ehliyetfransa.com\/wp-content\/uploads\/2023\/06\/france-1-600x338.jpg 600w, https:\/\/ehliyetfransa.com\/wp-content\/uploads\/2023\/06\/france-1-300x169.jpg 300w, https:\/\/ehliyetfransa.com\/wp-content\/uploads\/2023\/06\/france-1-768x432.jpg 768w, https:\/\/ehliyetfransa.com\/wp-content\/uploads\/2023\/06\/france-1-270x153.jpg 270w, https:\/\/ehliyetfransa.com\/wp-content\/uploads\/2023\/06\/france-1.jpg 1280w\" sizes=\"(max-width: 1024px) 100vw, 1024px\" \/>\t\t\t\t\t\t\t\t\t\t\t\t\t\t\t<\/div>\n\t\t\t\t<\/div>\n\t\t\t\t<div class=\"elementor-element elementor-element-6be4864 elementor-widget elementor-widget-image\" data-id=\"6be4864\" data-element_type=\"widget\" data-e-type=\"widget\" data-widget_type=\"image.default\">\n\t\t\t\t<div class=\"elementor-widget-container\">\n\t\t\t\t\t\t\t\t\t\t\t\t\t\t\t<img decoding=\"async\" width=\"1024\" height=\"685\" src=\"https:\/\/ehliyetfransa.com\/wp-content\/uploads\/2023\/06\/drive-france-1-1024x685.jpg\" class=\"attachment-large size-large wp-image-5523\" alt=\"\" srcset=\"https:\/\/ehliyetfransa.com\/wp-content\/uploads\/2023\/06\/drive-france-1-1024x685.jpg 1024w, https:\/\/ehliyetfransa.com\/wp-content\/uploads\/2023\/06\/drive-france-1-600x402.jpg 600w, https:\/\/ehliyetfransa.com\/wp-content\/uploads\/2023\/06\/drive-france-1-300x201.jpg 300w, https:\/\/ehliyetfransa.com\/wp-content\/uploads\/2023\/06\/drive-france-1-768x514.jpg 768w, https:\/\/ehliyetfransa.com\/wp-content\/uploads\/2023\/06\/drive-france-1-270x180.jpg 270w, https:\/\/ehliyetfransa.com\/wp-content\/uploads\/2023\/06\/drive-france-1.jpg 1500w\" sizes=\"(max-width: 1024px) 100vw, 1024px\" \/>\t\t\t\t\t\t\t\t\t\t\t\t\t\t\t<\/div>\n\t\t\t\t<\/div>\n\t\t\t\t\t<\/div>\n\t\t<\/div>\n\t\t\t\t\t<\/div>\n\t\t<\/section>\n\t\t\t\t<section class=\"elementor-section elementor-top-section elementor-element elementor-element-bac2729 elementor-section-boxed elementor-section-height-default elementor-section-height-default\" data-id=\"bac2729\" data-element_type=\"section\" data-e-type=\"section\">\n\t\t\t\t\t\t<div class=\"elementor-container elementor-column-gap-default\">\n\t\t\t\t\t<div class=\"elementor-column elementor-col-100 elementor-top-column elementor-element elementor-element-1551d65\" data-id=\"1551d65\" data-element_type=\"column\" data-e-type=\"column\">\n\t\t\t<div class=\"elementor-widget-wrap elementor-element-populated\">\n\t\t\t\t\t\t<div class=\"elementor-element elementor-element-963ee1f elementor-widget elementor-widget-stm_color_separator\" data-id=\"963ee1f\" data-element_type=\"widget\" data-e-type=\"widget\" data-widget_type=\"stm_color_separator.default\">\n\t\t\t\t<div class=\"elementor-widget-container\">\n\t\t\t\t\t\n<div class=\"stm_colored_separator masterstudy_elementor_color_separator_ module__400f891dd50469df2457fb9f1169d62c\">\n\t<div class=\"triangled_colored_separator\">\n\t\t<div class=\"triangle\"><\/div>\n\t<\/div>\n<\/div>\n\t\t\t\t<\/div>\n\t\t\t\t<\/div>\n\t\t\t\t\t<\/div>\n\t\t<\/div>\n\t\t\t\t\t<\/div>\n\t\t<\/section>\n\t\t\t\t<section class=\"elementor-section elementor-top-section elementor-element elementor-element-b5945c7 elementor-section-boxed elementor-section-height-default elementor-section-height-default\" data-id=\"b5945c7\" data-element_type=\"section\" data-e-type=\"section\">\n\t\t\t\t\t\t<div class=\"elementor-container elementor-column-gap-wider\">\n\t\t\t\t\t<div class=\"elementor-column elementor-col-50 elementor-top-column elementor-element elementor-element-3bc6e78\" data-id=\"3bc6e78\" data-element_type=\"column\" data-e-type=\"column\">\n\t\t\t<div class=\"elementor-widget-wrap elementor-element-populated\">\n\t\t\t\t\t\t<div class=\"elementor-element elementor-element-79afb71 elementor-widget elementor-widget-image\" data-id=\"79afb71\" data-element_type=\"widget\" data-e-type=\"widget\" data-widget_type=\"image.default\">\n\t\t\t\t<div class=\"elementor-widget-container\">\n\t\t\t\t\t\t\t\t\t\t\t\t\t\t\t<img decoding=\"async\" width=\"300\" height=\"300\" src=\"https:\/\/ehliyetfransa.com\/wp-content\/uploads\/2023\/06\/New-Project-8-300x300.png\" class=\"attachment-medium size-medium wp-image-5546\" alt=\"\" srcset=\"https:\/\/ehliyetfransa.com\/wp-content\/uploads\/2023\/06\/New-Project-8-300x300.png 300w, https:\/\/ehliyetfransa.com\/wp-content\/uploads\/2023\/06\/New-Project-8-100x100.png 100w, https:\/\/ehliyetfransa.com\/wp-content\/uploads\/2023\/06\/New-Project-8-150x150.png 150w, https:\/\/ehliyetfransa.com\/wp-content\/uploads\/2023\/06\/New-Project-8-75x75.png 75w, https:\/\/ehliyetfransa.com\/wp-content\/uploads\/2023\/06\/New-Project-8-129x129.png 129w, https:\/\/ehliyetfransa.com\/wp-content\/uploads\/2023\/06\/New-Project-8-69x69.png 69w, https:\/\/ehliyetfransa.com\/wp-content\/uploads\/2023\/06\/New-Project-8.png 400w\" sizes=\"(max-width: 300px) 100vw, 300px\" \/>\t\t\t\t\t\t\t\t\t\t\t\t\t\t\t<\/div>\n\t\t\t\t<\/div>\n\t\t\t\t\t<\/div>\n\t\t<\/div>\n\t\t\t\t<div class=\"elementor-column elementor-col-50 elementor-top-column elementor-element elementor-element-bea91c5\" data-id=\"bea91c5\" data-element_type=\"column\" data-e-type=\"column\">\n\t\t\t<div class=\"elementor-widget-wrap elementor-element-populated\">\n\t\t\t\t\t\t<div class=\"elementor-element elementor-element-2b4fb48 elementor-widget elementor-widget-text-editor\" data-id=\"2b4fb48\" data-element_type=\"widget\" data-e-type=\"widget\" data-widget_type=\"text-editor.default\">\n\t\t\t\t<div class=\"elementor-widget-container\">\n\t\t\t\t\t\t\t\t\t<h4>Art\u0131k Frans\u0131zca bilmemeniz veya az bilmeniz Fransa\u2019da ehliyet alman\u0131za bir en de\u011fil \u00e7\u00fcnk\u00fc biz her zaman yan\u0131n\u0131zda olaca\u011f\u0131z.<\/h4>\n\t\t\t\t\t\t\t\t<\/div>\n\t\t\t\t<\/div>\n\t\t\t\t<div class=\"elementor-element elementor-element-c45a16b elementor-widget elementor-widget-text-editor\" data-id=\"c45a16b\" data-element_type=\"widget\" data-e-type=\"widget\" data-widget_type=\"text-editor.default\">\n\t\t\t\t<div class=\"elementor-widget-container\">\n\t\t\t\t\t\t\t\t\t<p><strong>Uluhan Aral<\/strong><br \/><em>Ehliyetfransa.com kurucusu<\/em><\/p>\n\t\t\t\t\t\t\t\t<\/div>\n\t\t\t\t<\/div>\n\t\t\t\t\t<\/div>\n\t\t<\/div>\n\t\t\t\t\t<\/div>\n\t\t<\/section>\n\t\t\t\t<\/div>\n\t\t","protected":false},"excerpt":{"rendered":"<p>Hakk\u0131m\u0131zda \u201cA\u011faca \u00e7\u0131kmak istiyorsan\u0131z, y\u0131ld\u0131zlar\u0131 hedef al\u0131n\u201d Amac\u0131m\u0131z Avrupa ve \u00f6zellikle de Fransa\u2019da ya\u015fayan yurtta\u015flar\u0131m\u0131z\u0131n ya\u015fam kalitelerini y\u00fckseltmektir. Bundan yola \u00e7\u0131karak en b\u00fcy\u00fck problem olan Frans\u0131zca\u2019y\u0131 2019 Y\u0131l\u0131nda a\u00e7\u0131lan Fransizcaogreniyorum.net giri\u015fimimizle birlikte \u00e7\u00f6zd\u00fck. On binlerce \u015eu ana kadar on binlerce \u00f6\u011frencimiz Frans\u0131zcay\u0131 \u00f6\u011frendi ve \u00f6\u011frenmeye devam ediyorlar. Hedefimize ula\u015fmam\u0131z\u0131n ikinci etab\u0131 ve ya\u015fam kalitenizi daha [&hellip;]<\/p>\n","protected":false},"author":1,"featured_media":0,"parent":0,"menu_order":0,"comment_status":"closed","ping_status":"closed","template":"","meta":{"footnotes":""},"class_list":["post-392","page","type-page","status-publish","hentry"],"_links":{"self":[{"href":"https:\/\/ehliyetfransa.com\/index.php?rest_route=\/wp\/v2\/pages\/392","targetHints":{"allow":["GET"]}}],"collection":[{"href":"https:\/\/ehliyetfransa.com\/index.php?rest_route=\/wp\/v2\/pages"}],"about":[{"href":"https:\/\/ehliyetfransa.com\/index.php?rest_route=\/wp\/v2\/types\/page"}],"author":[{"embeddable":true,"href":"https:\/\/ehliyetfransa.com\/index.php?rest_route=\/wp\/v2\/users\/1"}],"replies":[{"embeddable":true,"href":"https:\/\/ehliyetfransa.com\/index.php?rest_route=%2Fwp%2Fv2%2Fcomments&post=392"}],"version-history":[{"count":10,"href":"https:\/\/ehliyetfransa.com\/index.php?rest_route=\/wp\/v2\/pages\/392\/revisions"}],"predecessor-version":[{"id":5549,"href":"https:\/\/ehliyetfransa.com\/index.php?rest_route=\/wp\/v2\/pages\/392\/revisions\/5549"}],"wp:attachment":[{"href":"https:\/\/ehliyetfransa.com\/index.php?rest_route=%2Fwp%2Fv2%2Fmedia&parent=392"}],"curies":[{"name":"wp","href":"https:\/\/api.w.org\/{rel}","templated":true}]}}